{"id":10680,"date":"2024-06-03T12:08:26","date_gmt":"2024-06-03T12:08:26","guid":{"rendered":"https:\/\/ehz.eus\/?page_id=10680"},"modified":"2025-05-28T14:08:05","modified_gmt":"2025-05-28T14:08:05","slug":"etorri-festibalera","status":"publish","type":"page","link":"https:\/\/ehz.eus\/eu\/etorri-festibalera\/","title":{"rendered":"ETORRI FESTIBALERA"},"content":{"rendered":"\t\t<div data-elementor-type=\"wp-page\" data-elementor-id=\"10680\" class=\"elementor elementor-10680 elementor-10679\" data-elementor-post-type=\"page\">\n\t\t\t\t\t\t<section class=\"elementor-section elementor-top-section elementor-element elementor-element-8ce2222 elementor-section-full_width elementor-section-content-top qodef-elementor-content-grid elementor-section-height-default elementor-section-height-default\" data-id=\"8ce2222\" data-element_type=\"section\">\n\t\t\t\t\t\t<div class=\"elementor-container elementor-column-gap-default\">\n\t\t\t\t\t<div class=\"elementor-column elementor-col-100 elementor-top-column elementor-element elementor-element-f76f8b5\" data-id=\"f76f8b5\" data-element_type=\"column\">\n\t\t\t<div class=\"elementor-widget-wrap elementor-element-populated\">\n\t\t\t\t\t\t<div class=\"elementor-element elementor-element-f95cb07 elementor-widget__width-inherit elementor-widget-mobile__width-inherit elementor-widget-tablet__width-inherit elementor-widget elementor-widget-micdrop_core_section_title\" data-id=\"f95cb07\" data-element_type=\"widget\" data-widget_type=\"micdrop_core_section_title.default\">\n\t\t\t\t<div class=\"elementor-widget-container\">\n\t\t\t<div class=\"qodef-shortcode qodef-m  qodef-section-title qodef-alignment--left   \">\n\t\t\t\t\t<div class=\"qodef-m-button\" >\n\t\t\t\t\t\t\t\t\t\t\t\t\t\t\t<\/div>\n<\/div>\n\t\t<\/div>\n\t\t\t\t<\/div>\n\t\t\t\t\t<\/div>\n\t\t<\/div>\n\t\t\t\t\t<\/div>\n\t\t<\/section>\n\t\t<div class=\"elementor-element elementor-element-170a6e09 e-flex e-con-boxed e-con e-parent\" data-id=\"170a6e09\" data-element_type=\"container\" data-settings=\"{&quot;content_width&quot;:&quot;boxed&quot;}\" data-core-v316-plus=\"true\">\n\t\t\t\t\t<div class=\"e-con-inner\">\n\t\t<div class=\"elementor-element elementor-element-deb321 e-con-full e-flex e-con e-child\" data-id=\"deb321\" data-element_type=\"container\" data-settings=\"{&quot;content_width&quot;:&quot;full&quot;}\">\n\t\t\t\t<div class=\"elementor-element elementor-element-315e857e elementor-widget elementor-widget-image\" data-id=\"315e857e\" data-element_type=\"widget\" data-widget_type=\"image.default\">\n\t\t\t\t<div class=\"elementor-widget-container\">\n\t\t\t<style>\/*! elementor - v3.19.0 - 29-01-2024 *\/\n.elementor-widget-image{text-align:center}.elementor-widget-image a{display:inline-block}.elementor-widget-image a img[src$=\".svg\"]{width:48px}.elementor-widget-image img{vertical-align:middle;display:inline-block}<\/style>\t\t\t\t\t\t\t\t\t\t<img fetchpriority=\"high\" decoding=\"async\" width=\"683\" height=\"1024\" src=\"https:\/\/ehz.eus\/wp-content\/uploads\/2024\/05\/sarah-noltner-pM9397vVfFY-unsplash-683x1024.jpg\" class=\"attachment-large size-large wp-image-10683\" alt=\"\" srcset=\"https:\/\/ehz.eus\/wp-content\/uploads\/2024\/05\/sarah-noltner-pM9397vVfFY-unsplash-683x1024.jpg 683w, https:\/\/ehz.eus\/wp-content\/uploads\/2024\/05\/sarah-noltner-pM9397vVfFY-unsplash-200x300.jpg 200w, https:\/\/ehz.eus\/wp-content\/uploads\/2024\/05\/sarah-noltner-pM9397vVfFY-unsplash-768x1152.jpg 768w, https:\/\/ehz.eus\/wp-content\/uploads\/2024\/05\/sarah-noltner-pM9397vVfFY-unsplash-1024x1536.jpg 1024w, https:\/\/ehz.eus\/wp-content\/uploads\/2024\/05\/sarah-noltner-pM9397vVfFY-unsplash-1365x2048.jpg 1365w, https:\/\/ehz.eus\/wp-content\/uploads\/2024\/05\/sarah-noltner-pM9397vVfFY-unsplash-600x900.jpg 600w, https:\/\/ehz.eus\/wp-content\/uploads\/2024\/05\/sarah-noltner-pM9397vVfFY-unsplash-scaled.jpg 1707w\" sizes=\"(max-width: 683px) 100vw, 683px\" \/>\t\t\t\t\t\t\t\t\t\t\t\t\t<\/div>\n\t\t\t\t<\/div>\n\t\t\t\t<\/div>\n\t\t<div class=\"elementor-element elementor-element-32649993 e-con-full e-flex e-con e-child\" data-id=\"32649993\" data-element_type=\"container\" data-settings=\"{&quot;content_width&quot;:&quot;full&quot;}\">\n\t\t<div class=\"elementor-element elementor-element-dfc8877 e-flex e-con-boxed e-con e-child\" data-id=\"dfc8877\" data-element_type=\"container\" data-settings=\"{&quot;content_width&quot;:&quot;boxed&quot;}\">\n\t\t\t\t\t<div class=\"e-con-inner\">\n\t\t\t\t<div class=\"elementor-element elementor-element-105491b1 elementor-widget elementor-widget-heading\" data-id=\"105491b1\" data-element_type=\"widget\" data-widget_type=\"heading.default\">\n\t\t\t\t<div class=\"elementor-widget-container\">\n\t\t\t<style>\/*! elementor - v3.19.0 - 29-01-2024 *\/\n.elementor-heading-title{padding:0;margin:0;line-height:1}.elementor-widget-heading .elementor-heading-title[class*=elementor-size-]>a{color:inherit;font-size:inherit;line-height:inherit}.elementor-widget-heading .elementor-heading-title.elementor-size-small{font-size:15px}.elementor-widget-heading .elementor-heading-title.elementor-size-medium{font-size:19px}.elementor-widget-heading .elementor-heading-title.elementor-size-large{font-size:29px}.elementor-widget-heading .elementor-heading-title.elementor-size-xl{font-size:39px}.elementor-widget-heading .elementor-heading-title.elementor-size-xxl{font-size:59px}<\/style><h4 class=\"elementor-heading-title elementor-size-default\">Nola etorri arberatzera?<\/h4>\t\t<\/div>\n\t\t\t\t<\/div>\n\t\t\t\t<div class=\"elementor-element elementor-element-55df173f elementor-widget elementor-widget-text-editor\" data-id=\"55df173f\" data-element_type=\"widget\" data-widget_type=\"text-editor.default\">\n\t\t\t\t<div class=\"elementor-widget-container\">\n\t\t\t<style>\/*! elementor - v3.19.0 - 29-01-2024 *\/\n.elementor-widget-text-editor.elementor-drop-cap-view-stacked .elementor-drop-cap{background-color:#69727d;color:#fff}.elementor-widget-text-editor.elementor-drop-cap-view-framed .elementor-drop-cap{color:#69727d;border:3px solid;background-color:transparent}.elementor-widget-text-editor:not(.elementor-drop-cap-view-default) .elementor-drop-cap{margin-top:8px}.elementor-widget-text-editor:not(.elementor-drop-cap-view-default) .elementor-drop-cap-letter{width:1em;height:1em}.elementor-widget-text-editor .elementor-drop-cap{float:left;text-align:center;line-height:1;font-size:50px}.elementor-widget-text-editor .elementor-drop-cap-letter{display:inline-block}<\/style>\t\t\t\t<p class=\"LC20lb MBeuO DKV0Md\">\ud83d\ude97 EN VOITURE<\/p><ul><li>\u00c0 5min de Saint-Palais.<\/li><li>\u00c0 25min de Maul\u00e9on.<\/li><li>\u00c0 30min de Saint-Jean-Pied-de-Port.<\/li><li>\u00c0 54min de Bayonne<br \/><strong>Par la sortie 04 de Briscous.<\/strong><\/li><\/ul><p><strong>\ud83d\ude8c AUTOBUSEZ<\/strong><\/p><p>HIRUAK BAT-EKIN PARTAIDETZAN, AUTOBUS GARRAIOAK HURRENGO ABIAPUNTUETATIK ABIATUKO DIRA:<\/p><ul><li><strong>Baiona<\/strong><\/li><li><strong>Baigorri<\/strong><\/li><li><strong>Donibane Garazi<\/strong><\/li><li><strong>Atharratze<\/strong><p>Erosi zure txartela zuzenean bereko loturan.\ud83d\ude0e<br \/>&gt;\u00a0 Eguneko PASS-a : 3,20\u20ac<\/p><\/li><\/ul>\t\t\t\t\t\t<\/div>\n\t\t\t\t<\/div>\n\t\t\t\t<div class=\"elementor-element elementor-element-37ea6b9a elementor-align-center elementor-widget elementor-widget-button\" data-id=\"37ea6b9a\" data-element_type=\"widget\" data-widget_type=\"button.default\">\n\t\t\t\t<div class=\"elementor-widget-container\">\n\t\t\t\t\t<div class=\"elementor-button-wrapper\">\n\t\t\t<a class=\"elementor-button elementor-button-link elementor-size-sm\" href=\"https:\/\/www.autocars-hiruak-bat.com\/boutique\/\" target=\"_blank\">\n\t\t\t\t\t\t<span class=\"elementor-button-content-wrapper\">\n\t\t\t\t\t\t<span class=\"elementor-button-text\">HARTU ZURE TOKIA<\/span>\n\t\t<\/span>\n\t\t\t\t\t<\/a>\n\t\t<\/div>\n\t\t\t\t<\/div>\n\t\t\t\t<\/div>\n\t\t\t\t\t<\/div>\n\t\t\t\t<\/div>\n\t\t\t\t<\/div>\n\t\t\t\t\t<\/div>\n\t\t\t\t<\/div>\n\t\t<div class=\"elementor-element elementor-element-62c45689 e-flex e-con-boxed e-con e-parent\" data-id=\"62c45689\" data-element_type=\"container\" data-settings=\"{&quot;content_width&quot;:&quot;boxed&quot;}\" data-core-v316-plus=\"true\">\n\t\t\t\t\t<div class=\"e-con-inner\">\n\t\t\t\t<div class=\"elementor-element elementor-element-63c31f8a elementor-widget elementor-widget-heading\" data-id=\"63c31f8a\" data-element_type=\"widget\" data-widget_type=\"heading.default\">\n\t\t\t\t<div class=\"elementor-widget-container\">\n\t\t\t<h4 class=\"elementor-heading-title elementor-size-default\">ETORRI FESTIBALA<\/h4>\t\t<\/div>\n\t\t\t\t<\/div>\n\t\t\t\t\t<\/div>\n\t\t\t\t<\/div>\n\t\t<div class=\"elementor-element elementor-element-75b926a1 e-flex e-con-boxed e-con e-parent\" data-id=\"75b926a1\" data-element_type=\"container\" data-settings=\"{&quot;content_width&quot;:&quot;boxed&quot;}\" data-core-v316-plus=\"true\">\n\t\t\t\t\t<div class=\"e-con-inner\">\n\t\t<div class=\"elementor-element elementor-element-31f0966b e-con-full e-flex e-con e-child\" data-id=\"31f0966b\" data-element_type=\"container\" data-settings=\"{&quot;content_width&quot;:&quot;full&quot;}\">\n\t\t\t\t<div class=\"elementor-element elementor-element-3b75ac71 elementor-widget elementor-widget-text-editor\" data-id=\"3b75ac71\" data-element_type=\"widget\" data-widget_type=\"text-editor.default\">\n\t\t\t\t<div class=\"elementor-widget-container\">\n\t\t\t\t\t\t\t<p><span style=\"color: #cc99ff;\"><b>Baigorri &#8211; Arberatze<\/b><\/span><\/p>\t\t\t\t\t\t<\/div>\n\t\t\t\t<\/div>\n\t\t\t\t<\/div>\n\t\t<div class=\"elementor-element elementor-element-b6ce45c e-con-full e-flex e-con e-child\" data-id=\"b6ce45c\" data-element_type=\"container\" data-settings=\"{&quot;content_width&quot;:&quot;full&quot;}\">\n\t\t\t\t<div class=\"elementor-element elementor-element-186747c elementor-widget elementor-widget-text-editor\" data-id=\"186747c\" data-element_type=\"widget\" data-widget_type=\"text-editor.default\">\n\t\t\t\t<div class=\"elementor-widget-container\">\n\t\t\t\t\t\t\t<p><span style=\"color: #cc99ff;\"><strong>Baiona &#8211; Arberatze<\/strong><\/span><\/p>\t\t\t\t\t\t<\/div>\n\t\t\t\t<\/div>\n\t\t\t\t<\/div>\n\t\t<div class=\"elementor-element elementor-element-23ef9218 e-con-full e-flex e-con e-child\" data-id=\"23ef9218\" data-element_type=\"container\" data-settings=\"{&quot;content_width&quot;:&quot;full&quot;}\">\n\t\t\t\t<div class=\"elementor-element elementor-element-3e6d3c3a elementor-widget elementor-widget-text-editor\" data-id=\"3e6d3c3a\" data-element_type=\"widget\" data-widget_type=\"text-editor.default\">\n\t\t\t\t<div class=\"elementor-widget-container\">\n\t\t\t\t\t\t\t<p><span style=\"color: #cc99ff;\"><strong>Atharratze &#8211; Arberatze<\/strong><\/span><\/p>\t\t\t\t\t\t<\/div>\n\t\t\t\t<\/div>\n\t\t\t\t<\/div>\n\t\t\t\t\t<\/div>\n\t\t\t\t<\/div>\n\t\t<div class=\"elementor-element elementor-element-4d50203c e-flex e-con-boxed e-con e-parent\" data-id=\"4d50203c\" data-element_type=\"container\" data-settings=\"{&quot;background_background&quot;:&quot;classic&quot;,&quot;content_width&quot;:&quot;boxed&quot;}\" data-core-v316-plus=\"true\">\n\t\t\t\t\t<div class=\"e-con-inner\">\n\t\t\t\t<div class=\"elementor-element elementor-element-3973293d elementor-widget elementor-widget-heading\" data-id=\"3973293d\" data-element_type=\"widget\" data-widget_type=\"heading.default\">\n\t\t\t\t<div class=\"elementor-widget-container\">\n\t\t\t<h4 class=\"elementor-heading-title elementor-size-default\">SARTU FESTIBALETIK<\/h4>\t\t<\/div>\n\t\t\t\t<\/div>\n\t\t\t\t\t<\/div>\n\t\t\t\t<\/div>\n\t\t<div class=\"elementor-element elementor-element-364b6536 e-flex e-con-boxed e-con e-parent\" data-id=\"364b6536\" data-element_type=\"container\" data-settings=\"{&quot;background_background&quot;:&quot;classic&quot;,&quot;content_width&quot;:&quot;boxed&quot;}\" data-core-v316-plus=\"true\">\n\t\t\t\t\t<div class=\"e-con-inner\">\n\t\t<div class=\"elementor-element elementor-element-5274b991 e-con-full e-flex e-con e-child\" data-id=\"5274b991\" data-element_type=\"container\" data-settings=\"{&quot;content_width&quot;:&quot;full&quot;}\">\n\t\t\t\t<div class=\"elementor-element elementor-element-7f4454b7 elementor-widget__width-initial elementor-widget elementor-widget-text-editor\" data-id=\"7f4454b7\" data-element_type=\"widget\" data-widget_type=\"text-editor.default\">\n\t\t\t\t<div class=\"elementor-widget-container\">\n\t\t\t\t\t\t\t<p style=\"text-align: left;\"><span style=\"color: #cc99ff;\"><b>Arberatze &#8211; Baigorri<\/b><\/span><\/p>\t\t\t\t\t\t<\/div>\n\t\t\t\t<\/div>\n\t\t\t\t<\/div>\n\t\t<div class=\"elementor-element elementor-element-1db5fc67 e-con-full e-flex e-con e-child\" data-id=\"1db5fc67\" data-element_type=\"container\" data-settings=\"{&quot;content_width&quot;:&quot;full&quot;}\">\n\t\t\t\t<div class=\"elementor-element elementor-element-4547e884 elementor-widget__width-initial elementor-widget elementor-widget-text-editor\" data-id=\"4547e884\" data-element_type=\"widget\" data-widget_type=\"text-editor.default\">\n\t\t\t\t<div class=\"elementor-widget-container\">\n\t\t\t\t\t\t\t<p><span style=\"color: #cc99ff;\"><b>Arberatze &#8211; Baiona<\/b><\/span><\/p>\t\t\t\t\t\t<\/div>\n\t\t\t\t<\/div>\n\t\t\t\t<\/div>\n\t\t<div class=\"elementor-element elementor-element-37266c26 e-con-full e-flex e-con e-child\" data-id=\"37266c26\" data-element_type=\"container\" data-settings=\"{&quot;content_width&quot;:&quot;full&quot;}\">\n\t\t\t\t<div class=\"elementor-element elementor-element-4b7bb39b elementor-widget__width-initial elementor-widget elementor-widget-text-editor\" data-id=\"4b7bb39b\" data-element_type=\"widget\" data-widget_type=\"text-editor.default\">\n\t\t\t\t<div class=\"elementor-widget-container\">\n\t\t\t\t\t\t\t<p style=\"text-align: left;\"><span style=\"text-decoration: underline; color: #cc99ff;\"><strong>Arberatze &#8211; Atharratze<\/strong><\/span><\/p>\t\t\t\t\t\t<\/div>\n\t\t\t\t<\/div>\n\t\t\t\t<\/div>\n\t\t\t\t\t<\/div>\n\t\t\t\t<\/div>\n\t\t<div class=\"elementor-element elementor-element-3cff3bf e-con-full e-flex e-con e-parent\" data-id=\"3cff3bf\" data-element_type=\"container\" data-settings=\"{&quot;content_width&quot;:&quot;full&quot;}\" data-core-v316-plus=\"true\">\n\t\t\t\t<div class=\"elementor-element elementor-element-6fe1e176 elementor-widget elementor-widget-text-editor\" data-id=\"6fe1e176\" data-element_type=\"widget\" data-widget_type=\"text-editor.default\">\n\t\t\t\t<div class=\"elementor-widget-container\">\n\t\t\t\t\t\t\t<iframe src=\"https:\/\/www.google.com\/maps\/embed?pb=!1m17!1m12!1m3!1d4652.825701590784!2d-0.9966121634750172!3d43.33981194589018!2m3!1f0!2f0!3f0!3m2!1i1024!2i768!4f13.1!3m2!1m1!2zNDPCsDIxJzAwLjAiTiAwwrA1OScwMC4wIlc!5e1!3m2!1sfr!2sfr!4v1717417024805!5m2!1sfr!2sfr\" width=\"600\" height=\"450\" style=\"border:0;\" allowfullscreen=\"\" loading=\"lazy\" referrerpolicy=\"no-referrer-when-downgrade\"><\/iframe>\t\t\t\t\t\t<\/div>\n\t\t\t\t<\/div>\n\t\t\t\t<\/div>\n\t\t\t\t<\/div>\n\t\t","protected":false},"excerpt":{"rendered":"<p>Nola etorri arberatzera? &#x1f697; EN VOITURE \u00c0 5min de Saint-Palais. \u00c0 25min de Maul\u00e9on. \u00c0 30min de Saint-Jean-Pied-de-Port. \u00c0 54min de BayonnePar la sortie 04 de Briscous. &#x1f68c; AUTOBUSEZ HIRUAK BAT-EKIN PARTAIDETZAN, AUTOBUS GARRAIOAK HURRENGO ABIAPUNTUETATIK ABIATUKO DIRA: Baiona Baigorri Donibane Garazi Atharratze Erosi zure txartela zuzenean bereko loturan.&#x1f60e;&gt;\u00a0 Eguneko PASS-a : 3,20\u20ac HARTU ZURE [&hellip;]<\/p>\n","protected":false},"author":2,"featured_media":0,"parent":0,"menu_order":0,"comment_status":"closed","ping_status":"closed","template":"page-full-width.php","meta":{"_seopress_robots_primary_cat":"","_seopress_titles_title":"","_seopress_titles_desc":"","_seopress_robots_index":"","footnotes":""},"_links":{"self":[{"href":"https:\/\/ehz.eus\/eu\/wp-json\/wp\/v2\/pages\/10680"}],"collection":[{"href":"https:\/\/ehz.eus\/eu\/wp-json\/wp\/v2\/pages"}],"about":[{"href":"https:\/\/ehz.eus\/eu\/wp-json\/wp\/v2\/types\/page"}],"author":[{"embeddable":true,"href":"https:\/\/ehz.eus\/eu\/wp-json\/wp\/v2\/users\/2"}],"replies":[{"embeddable":true,"href":"https:\/\/ehz.eus\/eu\/wp-json\/wp\/v2\/comments?post=10680"}],"version-history":[{"count":19,"href":"https:\/\/ehz.eus\/eu\/wp-json\/wp\/v2\/pages\/10680\/revisions"}],"predecessor-version":[{"id":13285,"href":"https:\/\/ehz.eus\/eu\/wp-json\/wp\/v2\/pages\/10680\/revisions\/13285"}],"wp:attachment":[{"href":"https:\/\/ehz.eus\/eu\/wp-json\/wp\/v2\/media?parent=10680"}],"curies":[{"name":"wp","href":"https:\/\/api.w.org\/{rel}","templated":true}]}}